{"id":4363,"date":"2023-05-21T00:09:14","date_gmt":"2023-05-21T04:09:14","guid":{"rendered":"http:\/\/nativobjj.com\/?post_type=product&#038;p=4363"},"modified":"2023-06-28T13:47:30","modified_gmt":"2023-06-28T17:47:30","slug":"traje-jiu-jitsu-bebe","status":"publish","type":"product","link":"https:\/\/nativobjj.com\/index.php\/producto\/traje-jiu-jitsu-bebe\/","title":{"rendered":"Traje Jiu Jitsu | Beb\u00e9"},"content":{"rendered":"<div class=\"flex flex-grow flex-col gap-3\">\n<div class=\"min-h-[20px] flex flex-col items-start gap-4 whitespace-pre-wrap break-words\">\n<div class=\"markdown prose w-full break-words dark:prose-invert light\">\n<div class=\"flex flex-grow flex-col gap-3\">\n<div class=\"min-h-[20px] flex flex-col items-start gap-4 whitespace-pre-wrap break-words\">\n<div class=\"markdown prose w-full break-words dark:prose-invert light\">\n<div class=\"flex flex-grow flex-col gap-3\">\n<div class=\"min-h-[20px] flex flex-col items-start gap-4 whitespace-pre-wrap break-words\">\n<div class=\"markdown prose w-full break-words dark:prose-invert light\">Presentamos el adorable Traje de Jiu Jitsu para beb\u00e9s de Nativo BJJ, dise\u00f1ado especialmente para los m\u00e1s peque\u00f1os guerreros. Fabricado con materiales suaves y seguros, este traje proporciona la m\u00e1xima comodidad para que los beb\u00e9s puedan moverse con facilidad mientras exploran el mundo de las artes marciales. Con un dise\u00f1o l\u00fadico y colores vibrantes, este traje no solo es funcional, sino tambi\u00e9n una prenda adorable que destaca el esp\u00edritu de lucha y el car\u00e1cter de tu peque\u00f1o. Desde una temprana edad, inculca los valores de disciplina, respeto y determinaci\u00f3n mientras tus beb\u00e9s disfrutan de una experiencia divertida y segura en el Jiu Jitsu. \u00a1Equipa a tu beb\u00e9 con este traje de Jiu Jitsu y acomp\u00e1\u00f1alo en su camino hacia el desarrollo f\u00edsico y mental!<\/div>\n<\/div>\n<\/div>\n<\/div>\n<\/div>\n<\/div>\n<\/div>\n<\/div>\n<\/div>\n","protected":false},"excerpt":{"rendered":"<div class=\"flex flex-grow flex-col gap-3\">\n<div class=\"min-h-[20px] flex flex-col items-start gap-4 whitespace-pre-wrap break-words\">\n<div class=\"markdown prose w-full break-words dark:prose-invert light\">\n<p>Descubre el encantador Traje de Jiu Jitsu para beb\u00e9s de Nativo BJJ, dise\u00f1ado para brindar comodidad, estilo y diversi\u00f3n desde temprana edad en las artes marciales. Inculca valores de disciplina y respeto mientras tus beb\u00e9s exploran y se desarrollan en un entorno seguro y estimulante.<\/p>\n<\/div>\n<\/div>\n<\/div>\n","protected":false},"featured_media":3519,"comment_status":"open","ping_status":"closed","template":"","meta":{"om_disable_all_campaigns":false,"_uag_custom_page_level_css":"","_monsterinsights_skip_tracking":false,"_monsterinsights_sitenote_active":false,"_monsterinsights_sitenote_note":"","_monsterinsights_sitenote_category":0,"site-sidebar-layout":"default","site-content-layout":"default","ast-global-header-display":"","ast-main-header-display":"","ast-hfb-above-header-display":"","ast-hfb-below-header-display":"","ast-hfb-mobile-header-display":"","site-post-title":"","ast-breadcrumbs-content":"","ast-featured-img":"","footer-sml-layout":"","theme-transparent-header-meta":"default","adv-header-id-meta":"","stick-header-meta":"","header-above-stick-meta":"","header-main-stick-meta":"","header-below-stick-meta":""},"product_cat":[45],"product_tag":[52],"yoast_head":"<!-- This site is optimized with the Yoast SEO plugin v20.9 - https:\/\/yoast.com\/wordpress\/plugins\/seo\/ -->\n<title>Traje Jiu Jitsu | Beb\u00e9 - Nativo BJJ<\/title>\n<meta name=\"description\" content=\"Traje de Jiu Jitsu para beb\u00e9s: comodidad, estilo, diversi\u00f3n, disciplina, respeto. Inicia el camino de desarrollo desde temprana edad\" \/>\n<meta name=\"robots\" content=\"index, follow, max-snippet:-1, max-image-preview:large, max-video-preview:-1\" \/>\n<link rel=\"canonical\" href=\"https:\/\/nativobjj.com\/index.php\/producto\/traje-jiu-jitsu-bebe\/\" \/>\n<meta property=\"og:locale\" content=\"es_ES\" \/>\n<meta property=\"og:type\" content=\"article\" \/>\n<meta property=\"og:title\" content=\"Traje Jiu Jitsu | Beb\u00e9 - Nativo BJJ\" \/>\n<meta property=\"og:description\" content=\"Traje de Jiu Jitsu para beb\u00e9s: comodidad, estilo, diversi\u00f3n, disciplina, respeto. Inicia el camino de desarrollo desde temprana edad\" \/>\n<meta property=\"og:url\" content=\"https:\/\/nativobjj.com\/index.php\/producto\/traje-jiu-jitsu-bebe\/\" \/>\n<meta property=\"og:site_name\" content=\"Nativo BJJ\" \/>\n<meta property=\"article:publisher\" content=\"https:\/\/www.facebook.com\/Nativobjj\" \/>\n<meta property=\"article:modified_time\" content=\"2023-06-28T17:47:30+00:00\" \/>\n<meta name=\"twitter:card\" content=\"summary_large_image\" \/>\n<meta name=\"twitter:image\" content=\"https:\/\/nativobjj.com\/wp-content\/uploads\/2023\/05\/Logotipo-full-square.svg\" \/>\n<meta name=\"twitter:label1\" content=\"Tiempo de lectura\" \/>\n\t<meta name=\"twitter:data1\" content=\"1 minuto\" \/>\n<script type=\"application\/ld+json\" class=\"yoast-schema-graph\">{\"@context\":\"https:\/\/schema.org\",\"@graph\":[{\"@type\":\"WebPage\",\"@id\":\"https:\/\/nativobjj.com\/index.php\/producto\/traje-jiu-jitsu-bebe\/\",\"url\":\"https:\/\/nativobjj.com\/index.php\/producto\/traje-jiu-jitsu-bebe\/\",\"name\":\"Traje Jiu Jitsu | Beb\u00e9 - Nativo BJJ\",\"isPartOf\":{\"@id\":\"https:\/\/nativobjj.com\/#website\"},\"datePublished\":\"2023-05-21T04:09:14+00:00\",\"dateModified\":\"2023-06-28T17:47:30+00:00\",\"description\":\"Traje de Jiu Jitsu para beb\u00e9s: comodidad, estilo, diversi\u00f3n, disciplina, respeto. Inicia el camino de desarrollo desde temprana edad\",\"breadcrumb\":{\"@id\":\"https:\/\/nativobjj.com\/index.php\/producto\/traje-jiu-jitsu-bebe\/#breadcrumb\"},\"inLanguage\":\"es\",\"potentialAction\":[{\"@type\":\"ReadAction\",\"target\":[\"https:\/\/nativobjj.com\/index.php\/producto\/traje-jiu-jitsu-bebe\/\"]}]},{\"@type\":\"BreadcrumbList\",\"@id\":\"https:\/\/nativobjj.com\/index.php\/producto\/traje-jiu-jitsu-bebe\/#breadcrumb\",\"itemListElement\":[{\"@type\":\"ListItem\",\"position\":1,\"name\":\"Portada\",\"item\":\"https:\/\/nativobjj.com\/\"},{\"@type\":\"ListItem\",\"position\":2,\"name\":\"Productos\",\"item\":\"https:\/\/nativobjj.com\/index.php\/tienda\/\"},{\"@type\":\"ListItem\",\"position\":3,\"name\":\"Traje Jiu Jitsu | Beb\u00e9\"}]},{\"@type\":\"WebSite\",\"@id\":\"https:\/\/nativobjj.com\/#website\",\"url\":\"https:\/\/nativobjj.com\/\",\"name\":\"Nativo BJJ\",\"description\":\"Tienda de equipamiento de Artes Marciales\",\"publisher\":{\"@id\":\"https:\/\/nativobjj.com\/#organization\"},\"potentialAction\":[{\"@type\":\"SearchAction\",\"target\":{\"@type\":\"EntryPoint\",\"urlTemplate\":\"https:\/\/nativobjj.com\/?s={search_term_string}\"},\"query-input\":\"required name=search_term_string\"}],\"inLanguage\":\"es\"},{\"@type\":\"Organization\",\"@id\":\"https:\/\/nativobjj.com\/#organization\",\"name\":\"Nativo BJJ\",\"url\":\"https:\/\/nativobjj.com\/\",\"logo\":{\"@type\":\"ImageObject\",\"inLanguage\":\"es\",\"@id\":\"https:\/\/nativobjj.com\/#\/schema\/logo\/image\/\",\"url\":\"https:\/\/nativobjj.com\/wp-content\/uploads\/2023\/05\/Artboard-2-copy-3.svg\",\"contentUrl\":\"https:\/\/nativobjj.com\/wp-content\/uploads\/2023\/05\/Artboard-2-copy-3.svg\",\"width\":150,\"height\":75,\"caption\":\"Nativo BJJ\"},\"image\":{\"@id\":\"https:\/\/nativobjj.com\/#\/schema\/logo\/image\/\"},\"sameAs\":[\"https:\/\/www.facebook.com\/Nativobjj\",\"https:\/\/www.instagram.com\/nativobjj\/\"]}]}<\/script>\n<!-- \/ Yoast SEO plugin. -->","yoast_head_json":{"title":"Traje Jiu Jitsu | Beb\u00e9 - Nativo BJJ","description":"Traje de Jiu Jitsu para beb\u00e9s: comodidad, estilo, diversi\u00f3n, disciplina, respeto. Inicia el camino de desarrollo desde temprana edad","robots":{"index":"index","follow":"follow","max-snippet":"max-snippet:-1","max-image-preview":"max-image-preview:large","max-video-preview":"max-video-preview:-1"},"canonical":"https:\/\/nativobjj.com\/index.php\/producto\/traje-jiu-jitsu-bebe\/","og_locale":"es_ES","og_type":"article","og_title":"Traje Jiu Jitsu | Beb\u00e9 - Nativo BJJ","og_description":"Traje de Jiu Jitsu para beb\u00e9s: comodidad, estilo, diversi\u00f3n, disciplina, respeto. Inicia el camino de desarrollo desde temprana edad","og_url":"https:\/\/nativobjj.com\/index.php\/producto\/traje-jiu-jitsu-bebe\/","og_site_name":"Nativo BJJ","article_publisher":"https:\/\/www.facebook.com\/Nativobjj","article_modified_time":"2023-06-28T17:47:30+00:00","twitter_card":"summary_large_image","twitter_image":"https:\/\/nativobjj.com\/wp-content\/uploads\/2023\/05\/Logotipo-full-square.svg","twitter_misc":{"Tiempo de lectura":"1 minuto"},"schema":{"@context":"https:\/\/schema.org","@graph":[{"@type":"WebPage","@id":"https:\/\/nativobjj.com\/index.php\/producto\/traje-jiu-jitsu-bebe\/","url":"https:\/\/nativobjj.com\/index.php\/producto\/traje-jiu-jitsu-bebe\/","name":"Traje Jiu Jitsu | Beb\u00e9 - Nativo BJJ","isPartOf":{"@id":"https:\/\/nativobjj.com\/#website"},"datePublished":"2023-05-21T04:09:14+00:00","dateModified":"2023-06-28T17:47:30+00:00","description":"Traje de Jiu Jitsu para beb\u00e9s: comodidad, estilo, diversi\u00f3n, disciplina, respeto. Inicia el camino de desarrollo desde temprana edad","breadcrumb":{"@id":"https:\/\/nativobjj.com\/index.php\/producto\/traje-jiu-jitsu-bebe\/#breadcrumb"},"inLanguage":"es","potentialAction":[{"@type":"ReadAction","target":["https:\/\/nativobjj.com\/index.php\/producto\/traje-jiu-jitsu-bebe\/"]}]},{"@type":"BreadcrumbList","@id":"https:\/\/nativobjj.com\/index.php\/producto\/traje-jiu-jitsu-bebe\/#breadcrumb","itemListElement":[{"@type":"ListItem","position":1,"name":"Portada","item":"https:\/\/nativobjj.com\/"},{"@type":"ListItem","position":2,"name":"Productos","item":"https:\/\/nativobjj.com\/index.php\/tienda\/"},{"@type":"ListItem","position":3,"name":"Traje Jiu Jitsu | Beb\u00e9"}]},{"@type":"WebSite","@id":"https:\/\/nativobjj.com\/#website","url":"https:\/\/nativobjj.com\/","name":"Nativo BJJ","description":"Tienda de equipamiento de Artes Marciales","publisher":{"@id":"https:\/\/nativobjj.com\/#organization"},"potentialAction":[{"@type":"SearchAction","target":{"@type":"EntryPoint","urlTemplate":"https:\/\/nativobjj.com\/?s={search_term_string}"},"query-input":"required name=search_term_string"}],"inLanguage":"es"},{"@type":"Organization","@id":"https:\/\/nativobjj.com\/#organization","name":"Nativo BJJ","url":"https:\/\/nativobjj.com\/","logo":{"@type":"ImageObject","inLanguage":"es","@id":"https:\/\/nativobjj.com\/#\/schema\/logo\/image\/","url":"https:\/\/nativobjj.com\/wp-content\/uploads\/2023\/05\/Artboard-2-copy-3.svg","contentUrl":"https:\/\/nativobjj.com\/wp-content\/uploads\/2023\/05\/Artboard-2-copy-3.svg","width":150,"height":75,"caption":"Nativo BJJ"},"image":{"@id":"https:\/\/nativobjj.com\/#\/schema\/logo\/image\/"},"sameAs":["https:\/\/www.facebook.com\/Nativobjj","https:\/\/www.instagram.com\/nativobjj\/"]}]}},"uagb_featured_image_src":{"full":["https:\/\/nativobjj.com\/wp-content\/uploads\/2023\/05\/Logotipo-full-square.svg",337.48,337.48,false],"thumbnail":["https:\/\/nativobjj.com\/wp-content\/uploads\/2023\/05\/Logotipo-full-square.svg",337.48,337.48,true],"medium":["https:\/\/nativobjj.com\/wp-content\/uploads\/2023\/05\/Logotipo-full-square.svg",337.48,337.48,true],"medium_large":["https:\/\/nativobjj.com\/wp-content\/uploads\/2023\/05\/Logotipo-full-square.svg",337.48,337.48,true],"large":["https:\/\/nativobjj.com\/wp-content\/uploads\/2023\/05\/Logotipo-full-square.svg",337.48,337.48,true],"1536x1536":["https:\/\/nativobjj.com\/wp-content\/uploads\/2023\/05\/Logotipo-full-square.svg",337.48,337.48,true],"2048x2048":["https:\/\/nativobjj.com\/wp-content\/uploads\/2023\/05\/Logotipo-full-square.svg",337.48,337.48,true],"woocommerce_thumbnail":["https:\/\/nativobjj.com\/wp-content\/uploads\/2023\/05\/Logotipo-full-square.svg",337.48,337.48,true],"woocommerce_single":["https:\/\/nativobjj.com\/wp-content\/uploads\/2023\/05\/Logotipo-full-square.svg",337.48,337.48,true],"woocommerce_gallery_thumbnail":["https:\/\/nativobjj.com\/wp-content\/uploads\/2023\/05\/Logotipo-full-square.svg",337.48,337.48,true]},"uagb_author_info":{"display_name":"Lacrimadev","author_link":"https:\/\/nativobjj.com\/index.php\/author\/"},"uagb_comment_info":0,"uagb_excerpt":"Descubre el encantador Traje de Jiu Jitsu para beb\u00e9s de Nativo BJJ, dise\u00f1ado para brindar comodidad, estilo y diversi\u00f3n desde temprana edad en las artes marciales. Inculca valores de disciplina y respeto mientras tus beb\u00e9s exploran y se desarrollan en un entorno seguro y estimulante.","_links":{"self":[{"href":"https:\/\/nativobjj.com\/index.php\/wp-json\/wp\/v2\/product\/4363"}],"collection":[{"href":"https:\/\/nativobjj.com\/index.php\/wp-json\/wp\/v2\/product"}],"about":[{"href":"https:\/\/nativobjj.com\/index.php\/wp-json\/wp\/v2\/types\/product"}],"replies":[{"embeddable":true,"href":"https:\/\/nativobjj.com\/index.php\/wp-json\/wp\/v2\/comments?post=4363"}],"wp:featuredmedia":[{"embeddable":true,"href":"https:\/\/nativobjj.com\/index.php\/wp-json\/wp\/v2\/media\/3519"}],"wp:attachment":[{"href":"https:\/\/nativobjj.com\/index.php\/wp-json\/wp\/v2\/media?parent=4363"}],"wp:term":[{"taxonomy":"product_cat","embeddable":true,"href":"https:\/\/nativobjj.com\/index.php\/wp-json\/wp\/v2\/product_cat?post=4363"},{"taxonomy":"product_tag","embeddable":true,"href":"https:\/\/nativobjj.com\/index.php\/wp-json\/wp\/v2\/product_tag?post=4363"}],"curies":[{"name":"wp","href":"https:\/\/api.w.org\/{rel}","templated":true}]}}