{"id":4190,"date":"2023-05-20T22:59:12","date_gmt":"2023-05-21T02:59:12","guid":{"rendered":"http:\/\/nativobjj.com\/?post_type=product&#038;p=4190"},"modified":"2023-06-28T14:16:59","modified_gmt":"2023-06-28T18:16:59","slug":"traje-jiu-jitsu-hombre","status":"publish","type":"product","link":"https:\/\/nativobjj.com\/index.php\/producto\/traje-jiu-jitsu-hombre\/","title":{"rendered":"Traje Jiu Jitsu | Hombre"},"content":{"rendered":"<div class=\"flex flex-grow flex-col gap-3\">\n<div class=\"min-h-[20px] flex flex-col items-start gap-4 whitespace-pre-wrap break-words\">\n<div class=\"markdown prose w-full break-words dark:prose-invert light\">\n<div class=\"flex flex-grow flex-col gap-3\">\n<div class=\"min-h-[20px] flex flex-col items-start gap-4 whitespace-pre-wrap break-words\">\n<div class=\"markdown prose w-full break-words dark:prose-invert light\">\n<div class=\"flex flex-grow flex-col gap-3\">\n<div class=\"min-h-[20px] flex flex-col items-start gap-4 whitespace-pre-wrap break-words\">\n<div class=\"markdown prose w-full break-words dark:prose-invert light\">\n<p>Nuestro Traje de Jiu Jitsu es la armadura perfecta para tus entrenamientos y competiciones. Fabricado con los m\u00e1s altos est\u00e1ndares de calidad, garantizan comodidad, durabilidad y confianza al guerrero NATIVO.<\/p>\n<p>La chaqueta cuenta con un tejido perlado de 550 g\/m2 y doble costura reforzada en puntos de tensi\u00f3n, convirti\u00e9ndola en una armadura ideal para el entrenamiento intensivo y la competici\u00f3n. El pantal\u00f3n de algod\u00f3n de 10 onzas, con tejido anti-rasgadura (Ripstop), evita el desgaste excesivo por el uso constante.<\/p>\n<p>El corte ce\u00f1ido y la doble costura reforzada en las \u00e1reas de tensi\u00f3n permiten un ajuste ideal para desarrollar t\u00e9cnicas que requieren una gran elasticidad en las extremidades inferiores. Adem\u00e1s, el kimono est\u00e1 bellamente bordado, con detalles tanto en la chaqueta como en el pantal\u00f3n.<\/p>\n<p>Equ\u00edpate con nuestro Traje de Jiu Jitsu y enfrenta tus desaf\u00edos con confianza y estilo. La armadura perfecta para el verdadero guerrero.<\/p>\n<\/div>\n<\/div>\n<\/div>\n<\/div>\n<\/div>\n<\/div>\n<\/div>\n<\/div>\n<\/div>\n","protected":false},"excerpt":{"rendered":"<div class=\"flex flex-grow flex-col gap-3\">\n<div class=\"min-h-[20px] flex flex-col items-start gap-4 whitespace-pre-wrap break-words\">\n<div class=\"markdown prose w-full break-words dark:prose-invert light\">\n<p>El Traje de Jiu Jitsu de Nativo BJJ es la elecci\u00f3n perfecta para tus entrenamientos y competiciones. Confeccionado con altos est\u00e1ndares de calidad, ofrecen comodidad, durabilidad y estilo. Equ\u00edpate como un verdadero guerrero NATIVO.<\/p>\n<\/div>\n<\/div>\n<\/div>\n","protected":false},"featured_media":3519,"comment_status":"open","ping_status":"closed","template":"","meta":{"om_disable_all_campaigns":false,"_uag_custom_page_level_css":"","_monsterinsights_skip_tracking":false,"_monsterinsights_sitenote_active":false,"_monsterinsights_sitenote_note":"","_monsterinsights_sitenote_category":0,"site-sidebar-layout":"default","site-content-layout":"default","ast-global-header-display":"","ast-main-header-display":"","ast-hfb-above-header-display":"","ast-hfb-below-header-display":"","ast-hfb-mobile-header-display":"","site-post-title":"","ast-breadcrumbs-content":"","ast-featured-img":"","footer-sml-layout":"","theme-transparent-header-meta":"default","adv-header-id-meta":"","stick-header-meta":"","header-above-stick-meta":"","header-main-stick-meta":"","header-below-stick-meta":""},"product_cat":[57,43],"product_tag":[52],"yoast_head":"<!-- This site is optimized with the Yoast SEO plugin v20.9 - https:\/\/yoast.com\/wordpress\/plugins\/seo\/ -->\n<title>Traje Jiu Jitsu | Hombre - Nativo BJJ<\/title>\n<meta name=\"description\" content=\"Traje de Jiu Jitsu : Armadura de calidad para entrenamientos intensivos y competiciones. Comodidad, durabilidad y estilo para el guerrero NATIVO.\" \/>\n<meta name=\"robots\" content=\"index, follow, max-snippet:-1, max-image-preview:large, max-video-preview:-1\" \/>\n<link rel=\"canonical\" href=\"https:\/\/nativobjj.com\/index.php\/producto\/traje-jiu-jitsu-hombre\/\" \/>\n<meta property=\"og:locale\" content=\"es_ES\" \/>\n<meta property=\"og:type\" content=\"article\" \/>\n<meta property=\"og:title\" content=\"Traje Jiu Jitsu | Hombre - Nativo BJJ\" \/>\n<meta property=\"og:description\" content=\"Traje de Jiu Jitsu : Armadura de calidad para entrenamientos intensivos y competiciones. Comodidad, durabilidad y estilo para el guerrero NATIVO.\" \/>\n<meta property=\"og:url\" content=\"https:\/\/nativobjj.com\/index.php\/producto\/traje-jiu-jitsu-hombre\/\" \/>\n<meta property=\"og:site_name\" content=\"Nativo BJJ\" \/>\n<meta property=\"article:publisher\" content=\"https:\/\/www.facebook.com\/Nativobjj\" \/>\n<meta property=\"article:modified_time\" content=\"2023-06-28T18:16:59+00:00\" \/>\n<meta name=\"twitter:card\" content=\"summary_large_image\" \/>\n<meta name=\"twitter:image\" content=\"https:\/\/nativobjj.com\/wp-content\/uploads\/2023\/05\/Logotipo-full-square.svg\" \/>\n<meta name=\"twitter:label1\" content=\"Tiempo de lectura\" \/>\n\t<meta name=\"twitter:data1\" content=\"1 minuto\" \/>\n<script type=\"application\/ld+json\" class=\"yoast-schema-graph\">{\"@context\":\"https:\/\/schema.org\",\"@graph\":[{\"@type\":\"WebPage\",\"@id\":\"https:\/\/nativobjj.com\/index.php\/producto\/traje-jiu-jitsu-hombre\/\",\"url\":\"https:\/\/nativobjj.com\/index.php\/producto\/traje-jiu-jitsu-hombre\/\",\"name\":\"Traje Jiu Jitsu | Hombre - Nativo BJJ\",\"isPartOf\":{\"@id\":\"https:\/\/nativobjj.com\/#website\"},\"datePublished\":\"2023-05-21T02:59:12+00:00\",\"dateModified\":\"2023-06-28T18:16:59+00:00\",\"description\":\"Traje de Jiu Jitsu : Armadura de calidad para entrenamientos intensivos y competiciones. Comodidad, durabilidad y estilo para el guerrero NATIVO.\",\"breadcrumb\":{\"@id\":\"https:\/\/nativobjj.com\/index.php\/producto\/traje-jiu-jitsu-hombre\/#breadcrumb\"},\"inLanguage\":\"es\",\"potentialAction\":[{\"@type\":\"ReadAction\",\"target\":[\"https:\/\/nativobjj.com\/index.php\/producto\/traje-jiu-jitsu-hombre\/\"]}]},{\"@type\":\"BreadcrumbList\",\"@id\":\"https:\/\/nativobjj.com\/index.php\/producto\/traje-jiu-jitsu-hombre\/#breadcrumb\",\"itemListElement\":[{\"@type\":\"ListItem\",\"position\":1,\"name\":\"Portada\",\"item\":\"https:\/\/nativobjj.com\/\"},{\"@type\":\"ListItem\",\"position\":2,\"name\":\"Productos\",\"item\":\"https:\/\/nativobjj.com\/index.php\/tienda\/\"},{\"@type\":\"ListItem\",\"position\":3,\"name\":\"Traje Jiu Jitsu | Hombre\"}]},{\"@type\":\"WebSite\",\"@id\":\"https:\/\/nativobjj.com\/#website\",\"url\":\"https:\/\/nativobjj.com\/\",\"name\":\"Nativo BJJ\",\"description\":\"Tienda de equipamiento de Artes Marciales\",\"publisher\":{\"@id\":\"https:\/\/nativobjj.com\/#organization\"},\"potentialAction\":[{\"@type\":\"SearchAction\",\"target\":{\"@type\":\"EntryPoint\",\"urlTemplate\":\"https:\/\/nativobjj.com\/?s={search_term_string}\"},\"query-input\":\"required name=search_term_string\"}],\"inLanguage\":\"es\"},{\"@type\":\"Organization\",\"@id\":\"https:\/\/nativobjj.com\/#organization\",\"name\":\"Nativo BJJ\",\"url\":\"https:\/\/nativobjj.com\/\",\"logo\":{\"@type\":\"ImageObject\",\"inLanguage\":\"es\",\"@id\":\"https:\/\/nativobjj.com\/#\/schema\/logo\/image\/\",\"url\":\"https:\/\/nativobjj.com\/wp-content\/uploads\/2023\/05\/Artboard-2-copy-3.svg\",\"contentUrl\":\"https:\/\/nativobjj.com\/wp-content\/uploads\/2023\/05\/Artboard-2-copy-3.svg\",\"width\":150,\"height\":75,\"caption\":\"Nativo BJJ\"},\"image\":{\"@id\":\"https:\/\/nativobjj.com\/#\/schema\/logo\/image\/\"},\"sameAs\":[\"https:\/\/www.facebook.com\/Nativobjj\",\"https:\/\/www.instagram.com\/nativobjj\/\"]}]}<\/script>\n<!-- \/ Yoast SEO plugin. -->","yoast_head_json":{"title":"Traje Jiu Jitsu | Hombre - Nativo BJJ","description":"Traje de Jiu Jitsu : Armadura de calidad para entrenamientos intensivos y competiciones. Comodidad, durabilidad y estilo para el guerrero NATIVO.","robots":{"index":"index","follow":"follow","max-snippet":"max-snippet:-1","max-image-preview":"max-image-preview:large","max-video-preview":"max-video-preview:-1"},"canonical":"https:\/\/nativobjj.com\/index.php\/producto\/traje-jiu-jitsu-hombre\/","og_locale":"es_ES","og_type":"article","og_title":"Traje Jiu Jitsu | Hombre - Nativo BJJ","og_description":"Traje de Jiu Jitsu : Armadura de calidad para entrenamientos intensivos y competiciones. Comodidad, durabilidad y estilo para el guerrero NATIVO.","og_url":"https:\/\/nativobjj.com\/index.php\/producto\/traje-jiu-jitsu-hombre\/","og_site_name":"Nativo BJJ","article_publisher":"https:\/\/www.facebook.com\/Nativobjj","article_modified_time":"2023-06-28T18:16:59+00:00","twitter_card":"summary_large_image","twitter_image":"https:\/\/nativobjj.com\/wp-content\/uploads\/2023\/05\/Logotipo-full-square.svg","twitter_misc":{"Tiempo de lectura":"1 minuto"},"schema":{"@context":"https:\/\/schema.org","@graph":[{"@type":"WebPage","@id":"https:\/\/nativobjj.com\/index.php\/producto\/traje-jiu-jitsu-hombre\/","url":"https:\/\/nativobjj.com\/index.php\/producto\/traje-jiu-jitsu-hombre\/","name":"Traje Jiu Jitsu | Hombre - Nativo BJJ","isPartOf":{"@id":"https:\/\/nativobjj.com\/#website"},"datePublished":"2023-05-21T02:59:12+00:00","dateModified":"2023-06-28T18:16:59+00:00","description":"Traje de Jiu Jitsu : Armadura de calidad para entrenamientos intensivos y competiciones. Comodidad, durabilidad y estilo para el guerrero NATIVO.","breadcrumb":{"@id":"https:\/\/nativobjj.com\/index.php\/producto\/traje-jiu-jitsu-hombre\/#breadcrumb"},"inLanguage":"es","potentialAction":[{"@type":"ReadAction","target":["https:\/\/nativobjj.com\/index.php\/producto\/traje-jiu-jitsu-hombre\/"]}]},{"@type":"BreadcrumbList","@id":"https:\/\/nativobjj.com\/index.php\/producto\/traje-jiu-jitsu-hombre\/#breadcrumb","itemListElement":[{"@type":"ListItem","position":1,"name":"Portada","item":"https:\/\/nativobjj.com\/"},{"@type":"ListItem","position":2,"name":"Productos","item":"https:\/\/nativobjj.com\/index.php\/tienda\/"},{"@type":"ListItem","position":3,"name":"Traje Jiu Jitsu | Hombre"}]},{"@type":"WebSite","@id":"https:\/\/nativobjj.com\/#website","url":"https:\/\/nativobjj.com\/","name":"Nativo BJJ","description":"Tienda de equipamiento de Artes Marciales","publisher":{"@id":"https:\/\/nativobjj.com\/#organization"},"potentialAction":[{"@type":"SearchAction","target":{"@type":"EntryPoint","urlTemplate":"https:\/\/nativobjj.com\/?s={search_term_string}"},"query-input":"required name=search_term_string"}],"inLanguage":"es"},{"@type":"Organization","@id":"https:\/\/nativobjj.com\/#organization","name":"Nativo BJJ","url":"https:\/\/nativobjj.com\/","logo":{"@type":"ImageObject","inLanguage":"es","@id":"https:\/\/nativobjj.com\/#\/schema\/logo\/image\/","url":"https:\/\/nativobjj.com\/wp-content\/uploads\/2023\/05\/Artboard-2-copy-3.svg","contentUrl":"https:\/\/nativobjj.com\/wp-content\/uploads\/2023\/05\/Artboard-2-copy-3.svg","width":150,"height":75,"caption":"Nativo BJJ"},"image":{"@id":"https:\/\/nativobjj.com\/#\/schema\/logo\/image\/"},"sameAs":["https:\/\/www.facebook.com\/Nativobjj","https:\/\/www.instagram.com\/nativobjj\/"]}]}},"uagb_featured_image_src":{"full":["https:\/\/nativobjj.com\/wp-content\/uploads\/2023\/05\/Logotipo-full-square.svg",337.48,337.48,false],"thumbnail":["https:\/\/nativobjj.com\/wp-content\/uploads\/2023\/05\/Logotipo-full-square.svg",337.48,337.48,true],"medium":["https:\/\/nativobjj.com\/wp-content\/uploads\/2023\/05\/Logotipo-full-square.svg",337.48,337.48,true],"medium_large":["https:\/\/nativobjj.com\/wp-content\/uploads\/2023\/05\/Logotipo-full-square.svg",337.48,337.48,true],"large":["https:\/\/nativobjj.com\/wp-content\/uploads\/2023\/05\/Logotipo-full-square.svg",337.48,337.48,true],"1536x1536":["https:\/\/nativobjj.com\/wp-content\/uploads\/2023\/05\/Logotipo-full-square.svg",337.48,337.48,true],"2048x2048":["https:\/\/nativobjj.com\/wp-content\/uploads\/2023\/05\/Logotipo-full-square.svg",337.48,337.48,true],"woocommerce_thumbnail":["https:\/\/nativobjj.com\/wp-content\/uploads\/2023\/05\/Logotipo-full-square.svg",337.48,337.48,true],"woocommerce_single":["https:\/\/nativobjj.com\/wp-content\/uploads\/2023\/05\/Logotipo-full-square.svg",337.48,337.48,true],"woocommerce_gallery_thumbnail":["https:\/\/nativobjj.com\/wp-content\/uploads\/2023\/05\/Logotipo-full-square.svg",337.48,337.48,true]},"uagb_author_info":{"display_name":"Lacrimadev","author_link":"https:\/\/nativobjj.com\/index.php\/author\/"},"uagb_comment_info":0,"uagb_excerpt":"El Traje de Jiu Jitsu de Nativo BJJ es la elecci\u00f3n perfecta para tus entrenamientos y competiciones. Confeccionado con altos est\u00e1ndares de calidad, ofrecen comodidad, durabilidad y estilo. Equ\u00edpate como un verdadero guerrero NATIVO.","_links":{"self":[{"href":"https:\/\/nativobjj.com\/index.php\/wp-json\/wp\/v2\/product\/4190"}],"collection":[{"href":"https:\/\/nativobjj.com\/index.php\/wp-json\/wp\/v2\/product"}],"about":[{"href":"https:\/\/nativobjj.com\/index.php\/wp-json\/wp\/v2\/types\/product"}],"replies":[{"embeddable":true,"href":"https:\/\/nativobjj.com\/index.php\/wp-json\/wp\/v2\/comments?post=4190"}],"wp:featuredmedia":[{"embeddable":true,"href":"https:\/\/nativobjj.com\/index.php\/wp-json\/wp\/v2\/media\/3519"}],"wp:attachment":[{"href":"https:\/\/nativobjj.com\/index.php\/wp-json\/wp\/v2\/media?parent=4190"}],"wp:term":[{"taxonomy":"product_cat","embeddable":true,"href":"https:\/\/nativobjj.com\/index.php\/wp-json\/wp\/v2\/product_cat?post=4190"},{"taxonomy":"product_tag","embeddable":true,"href":"https:\/\/nativobjj.com\/index.php\/wp-json\/wp\/v2\/product_tag?post=4190"}],"curies":[{"name":"wp","href":"https:\/\/api.w.org\/{rel}","templated":true}]}}