{"id":3676,"date":"2023-05-06T21:41:13","date_gmt":"2023-05-07T01:41:13","guid":{"rendered":"http:\/\/nativobjj.com\/?page_id=3676"},"modified":"2023-05-06T22:47:02","modified_gmt":"2023-05-07T02:47:02","slug":"preguntas-frecuentes","status":"publish","type":"page","link":"https:\/\/nativobjj.com\/index.php\/preguntas-frecuentes\/","title":{"rendered":"Dudas Frecuentes"},"content":{"rendered":"\n<div class=\"wp-block-uagb-container uagb-block-7fba6629 alignfull uagb-is-root-container\"><div class=\"uagb-container-inner-blocks-wrap\">\n<div class=\"wp-block-uagb-advanced-heading uagb-block-f06a7c18\"><h1 class=\"uagb-heading-text\">Dudas Frecuentes<\/h1><div class=\"uagb-separator\"><\/div><\/div>\n\n\n\n<div class=\"wp-block-uagb-faq uagb-faq__outer-wrap uagb-block-dcbdd653 uagb-faq-icon-row uagb-faq-layout-accordion uagb-faq-expand-first-false uagb-faq-inactive-other-true uagb-faq__wrap uagb-buttons-layout-wrap uagb-faq-equal-height\" data-faqtoggle=\"true\" role=\"tablist\">\n<div class=\"wp-block-uagb-faq-child uagb-faq-child__outer-wrap uagb-faq-item uagb-block-ff175e49\" role=\"tab\" tabindex=\"0\"><div class=\"uagb-faq-questions-button uagb-faq-questions\"><span class=\"uagb-icon uagb-faq-icon-wrap\"><svg xmlns=\"https:\/\/www.w3.org\/2000\/svg\" viewBox=\"0 0 448 512\"><path d=\"M432 256c0 17.69-14.33 32.01-32 32.01H256v144c0 17.69-14.33 31.99-32 31.99s-32-14.3-32-31.99v-144H48c-17.67 0-32-14.32-32-32.01s14.33-31.99 32-31.99H192v-144c0-17.69 14.33-32.01 32-32.01s32 14.32 32 32.01v144h144C417.7 224 432 238.3 432 256z\"><\/path><\/svg><\/span><span class=\"uagb-icon-active uagb-faq-icon-wrap\"><svg xmlns=\"https:\/\/www.w3.org\/2000\/svg\" viewBox=\"0 0 448 512\"><path d=\"M400 288h-352c-17.69 0-32-14.32-32-32.01s14.31-31.99 32-31.99h352c17.69 0 32 14.3 32 31.99S417.7 288 400 288z\"><\/path><\/svg><\/span><span class=\"uagb-question\">\u00bfEs seguro comprar en Nativo BJJ?<\/span><\/div><p class=\"uagb-faq-content\">S\u00ed.\u00a0Nuestro sitio web funciona en un entorno seguro y protegido desde el acceso al sitio web hasta la finalizaci\u00f3n del pago y el \u00e1rea de registro de clientes.\u00a0<br>En NATIVO BJJ toda la informaci\u00f3n de nuestros clientes es confidencial, sus datos est\u00e1n totalmente protegidos y s\u00f3lo ser\u00e1n revelados en caso de orden judicial.<\/p><\/div>\n\n\n\n<div class=\"wp-block-uagb-faq-child uagb-faq-child__outer-wrap uagb-faq-item uagb-block-25b2a481\" role=\"tab\" tabindex=\"0\"><div class=\"uagb-faq-questions-button uagb-faq-questions\"><span class=\"uagb-icon uagb-faq-icon-wrap\"><svg xmlns=\"https:\/\/www.w3.org\/2000\/svg\" viewBox=\"0 0 448 512\"><path d=\"M432 256c0 17.69-14.33 32.01-32 32.01H256v144c0 17.69-14.33 31.99-32 31.99s-32-14.3-32-31.99v-144H48c-17.67 0-32-14.32-32-32.01s14.33-31.99 32-31.99H192v-144c0-17.69 14.33-32.01 32-32.01s32 14.32 32 32.01v144h144C417.7 224 432 238.3 432 256z\"><\/path><\/svg><\/span><span class=\"uagb-icon-active uagb-faq-icon-wrap\"><svg xmlns=\"https:\/\/www.w3.org\/2000\/svg\" viewBox=\"0 0 448 512\"><path d=\"M400 288h-352c-17.69 0-32-14.32-32-32.01s14.31-31.99 32-31.99h352c17.69 0 32 14.3 32 31.99S417.7 288 400 288z\"><\/path><\/svg><\/span><span class=\"uagb-question\">\u00bfPuedo cambiar el producto si no me gusta o no me queda bien?<\/span><\/div><p class=\"uagb-faq-content\">El cliente dispone de hasta 7 d\u00edas naturales para solicitar la sustituci\u00f3n del producto defectuoso o para el arrepentimiento seg\u00fan la normativa de cambios y devoluciones.<\/p><\/div>\n\n\n\n<div class=\"wp-block-uagb-faq-child uagb-faq-child__outer-wrap uagb-faq-item uagb-block-b395780b\" role=\"tab\" tabindex=\"0\"><div class=\"uagb-faq-questions-button uagb-faq-questions\"><span class=\"uagb-icon uagb-faq-icon-wrap\"><svg xmlns=\"https:\/\/www.w3.org\/2000\/svg\" viewBox=\"0 0 448 512\"><path d=\"M432 256c0 17.69-14.33 32.01-32 32.01H256v144c0 17.69-14.33 31.99-32 31.99s-32-14.3-32-31.99v-144H48c-17.67 0-32-14.32-32-32.01s14.33-31.99 32-31.99H192v-144c0-17.69 14.33-32.01 32-32.01s32 14.32 32 32.01v144h144C417.7 224 432 238.3 432 256z\"><\/path><\/svg><\/span><span class=\"uagb-icon-active uagb-faq-icon-wrap\"><svg xmlns=\"https:\/\/www.w3.org\/2000\/svg\" viewBox=\"0 0 448 512\"><path d=\"M400 288h-352c-17.69 0-32-14.32-32-32.01s14.31-31.99 32-31.99h352c17.69 0 32 14.3 32 31.99S417.7 288 400 288z\"><\/path><\/svg><\/span><span class=\"uagb-question\">\u00bfCu\u00e1nto tarda en llegar mi pedido?<\/span><\/div><p class=\"uagb-faq-content\">El tiempo de entrega depender\u00e1 de si el pago ya ha sido aprobado por el operador de la tarjeta de cr\u00e9dito, adem\u00e1s de la forma de entrega elegida.<\/p><\/div>\n\n\n\n<div class=\"wp-block-uagb-faq-child uagb-faq-child__outer-wrap uagb-faq-item uagb-block-a62eff0c\" role=\"tab\" tabindex=\"0\"><div class=\"uagb-faq-questions-button uagb-faq-questions\"><span class=\"uagb-icon uagb-faq-icon-wrap\"><svg xmlns=\"https:\/\/www.w3.org\/2000\/svg\" viewBox=\"0 0 448 512\"><path d=\"M432 256c0 17.69-14.33 32.01-32 32.01H256v144c0 17.69-14.33 31.99-32 31.99s-32-14.3-32-31.99v-144H48c-17.67 0-32-14.32-32-32.01s14.33-31.99 32-31.99H192v-144c0-17.69 14.33-32.01 32-32.01s32 14.32 32 32.01v144h144C417.7 224 432 238.3 432 256z\"><\/path><\/svg><\/span><span class=\"uagb-icon-active uagb-faq-icon-wrap\"><svg xmlns=\"https:\/\/www.w3.org\/2000\/svg\" viewBox=\"0 0 448 512\"><path d=\"M400 288h-352c-17.69 0-32-14.32-32-32.01s14.31-31.99 32-31.99h352c17.69 0 32 14.3 32 31.99S417.7 288 400 288z\"><\/path><\/svg><\/span><span class=\"uagb-question\">Ya hice el pago, pero mi pedido a\u00fan no se muestra como pago aprobado. \u00bfQu\u00e9 hago?<\/span><\/div><p class=\"uagb-faq-content\">Las instituciones bancarias pueden tardar en algunas ocasiones hasta 72 horas h\u00e1biles en identificar y liberar el pago, en cuanto se identifique en nuestro sistema se actualizar\u00e1 el estado de su pedido.<\/p><\/div>\n\n\n\n<div class=\"wp-block-uagb-faq-child uagb-faq-child__outer-wrap uagb-faq-item uagb-block-68340b30\" role=\"tab\" tabindex=\"0\"><div class=\"uagb-faq-questions-button uagb-faq-questions\"><span class=\"uagb-icon uagb-faq-icon-wrap\"><svg xmlns=\"https:\/\/www.w3.org\/2000\/svg\" viewBox=\"0 0 448 512\"><path d=\"M432 256c0 17.69-14.33 32.01-32 32.01H256v144c0 17.69-14.33 31.99-32 31.99s-32-14.3-32-31.99v-144H48c-17.67 0-32-14.32-32-32.01s14.33-31.99 32-31.99H192v-144c0-17.69 14.33-32.01 32-32.01s32 14.32 32 32.01v144h144C417.7 224 432 238.3 432 256z\"><\/path><\/svg><\/span><span class=\"uagb-icon-active uagb-faq-icon-wrap\"><svg xmlns=\"https:\/\/www.w3.org\/2000\/svg\" viewBox=\"0 0 448 512\"><path d=\"M400 288h-352c-17.69 0-32-14.32-32-32.01s14.31-31.99 32-31.99h352c17.69 0 32 14.3 32 31.99S417.7 288 400 288z\"><\/path><\/svg><\/span><span class=\"uagb-question\">\u00bfPide NATIVO BJJ dep\u00f3sitos bancarios en cuentas de terceros?<\/span><\/div><p class=\"uagb-faq-content\">No, NATIVO BJJ nunca le pedir\u00e1 que realice un pago o cualquier tipo de dep\u00f3sito en la cuenta de un tercero.<\/p><\/div>\n\n\n\n<div class=\"wp-block-uagb-faq-child uagb-faq-child__outer-wrap uagb-faq-item uagb-block-64eed28b\" role=\"tab\" tabindex=\"0\"><div class=\"uagb-faq-questions-button uagb-faq-questions\"><span class=\"uagb-icon uagb-faq-icon-wrap\"><svg xmlns=\"https:\/\/www.w3.org\/2000\/svg\" viewBox=\"0 0 448 512\"><path d=\"M432 256c0 17.69-14.33 32.01-32 32.01H256v144c0 17.69-14.33 31.99-32 31.99s-32-14.3-32-31.99v-144H48c-17.67 0-32-14.32-32-32.01s14.33-31.99 32-31.99H192v-144c0-17.69 14.33-32.01 32-32.01s32 14.32 32 32.01v144h144C417.7 224 432 238.3 432 256z\"><\/path><\/svg><\/span><span class=\"uagb-icon-active uagb-faq-icon-wrap\"><svg xmlns=\"https:\/\/www.w3.org\/2000\/svg\" viewBox=\"0 0 448 512\"><path d=\"M400 288h-352c-17.69 0-32-14.32-32-32.01s14.31-31.99 32-31.99h352c17.69 0 32 14.3 32 31.99S417.7 288 400 288z\"><\/path><\/svg><\/span><span class=\"uagb-question\">\u00bfNATIVO BJJ pide que instales alg\u00fan programa?<\/span><\/div><p class=\"uagb-faq-content\">No. NATIVO BJJ jamas pedira que instales ningun tipo de programa. Todo nuestro sitio servicio se realiza en el navegador web.<\/p><\/div>\n\n\n\n<div class=\"wp-block-uagb-faq-child uagb-faq-child__outer-wrap uagb-faq-item uagb-block-f3e9dac2\" role=\"tab\" tabindex=\"0\"><div class=\"uagb-faq-questions-button uagb-faq-questions\"><span class=\"uagb-icon uagb-faq-icon-wrap\"><svg xmlns=\"https:\/\/www.w3.org\/2000\/svg\" viewBox=\"0 0 448 512\"><path d=\"M432 256c0 17.69-14.33 32.01-32 32.01H256v144c0 17.69-14.33 31.99-32 31.99s-32-14.3-32-31.99v-144H48c-17.67 0-32-14.32-32-32.01s14.33-31.99 32-31.99H192v-144c0-17.69 14.33-32.01 32-32.01s32 14.32 32 32.01v144h144C417.7 224 432 238.3 432 256z\"><\/path><\/svg><\/span><span class=\"uagb-icon-active uagb-faq-icon-wrap\"><svg xmlns=\"https:\/\/www.w3.org\/2000\/svg\" viewBox=\"0 0 448 512\"><path d=\"M400 288h-352c-17.69 0-32-14.32-32-32.01s14.31-31.99 32-31.99h352c17.69 0 32 14.3 32 31.99S417.7 288 400 288z\"><\/path><\/svg><\/span><span class=\"uagb-question\">Tengo otras preguntas y me gustar\u00eda ponerme en contacto con un asistente. \u00bfC\u00f3mo lo hago?<\/span><\/div><p class=\"uagb-faq-content\">Puedes acceder a la secci\u00f3n de formulario de contacto para dejarnos cualquier inquietud que tengas. Ademas, nuestros asistentes los atender\u00e1n oportunamente a trav\u00e9s de nuestro correo electr\u00f3nico: Soporte@NatvoBJJ.com<\/p><\/div>\n<\/div>\n<\/div><\/div>\n","protected":false},"excerpt":{"rendered":"<p>Dudas Frecuentes<\/p>\n","protected":false},"author":1,"featured_media":0,"parent":0,"menu_order":0,"comment_status":"closed","ping_status":"closed","template":"","meta":{"om_disable_all_campaigns":false,"_uag_custom_page_level_css":"","_monsterinsights_skip_tracking":false,"_monsterinsights_sitenote_active":false,"_monsterinsights_sitenote_note":"","_monsterinsights_sitenote_category":0,"site-sidebar-layout":"default","site-content-layout":"default","ast-global-header-display":"","ast-main-header-display":"","ast-hfb-above-header-display":"","ast-hfb-below-header-display":"","ast-hfb-mobile-header-display":"","site-post-title":"disabled","ast-breadcrumbs-content":"","ast-featured-img":"","footer-sml-layout":"","theme-transparent-header-meta":"","adv-header-id-meta":"","stick-header-meta":"","header-above-stick-meta":"","header-main-stick-meta":"","header-below-stick-meta":""},"yoast_head":"<!-- This site is optimized with the Yoast SEO plugin v20.9 - https:\/\/yoast.com\/wordpress\/plugins\/seo\/ -->\n<title>Dudas Frecuentes - Nativo BJJ<\/title>\n<meta name=\"description\" content=\"Encuentra respuestas a tus preguntas sobre nuestro equipamiento de artes marciales en nuestra secci\u00f3n de Preguntas Frecuentes. \u00a1Vis\u00edtanos ahora!\" \/>\n<meta name=\"robots\" content=\"index, follow, max-snippet:-1, max-image-preview:large, max-video-preview:-1\" \/>\n<link rel=\"canonical\" href=\"https:\/\/nativobjj.com\/index.php\/preguntas-frecuentes\/\" \/>\n<meta property=\"og:locale\" content=\"es_ES\" \/>\n<meta property=\"og:type\" content=\"article\" \/>\n<meta property=\"og:title\" content=\"Dudas Frecuentes - Nativo BJJ\" \/>\n<meta property=\"og:description\" content=\"Encuentra respuestas a tus preguntas sobre nuestro equipamiento de artes marciales en nuestra secci\u00f3n de Preguntas Frecuentes. \u00a1Vis\u00edtanos ahora!\" \/>\n<meta property=\"og:url\" content=\"https:\/\/nativobjj.com\/index.php\/preguntas-frecuentes\/\" \/>\n<meta property=\"og:site_name\" content=\"Nativo BJJ\" \/>\n<meta property=\"article:publisher\" content=\"https:\/\/www.facebook.com\/Nativobjj\" \/>\n<meta property=\"article:modified_time\" content=\"2023-05-07T02:47:02+00:00\" \/>\n<meta name=\"twitter:card\" content=\"summary_large_image\" \/>\n<meta name=\"twitter:label1\" content=\"Tiempo de lectura\" \/>\n\t<meta name=\"twitter:data1\" content=\"2 minutos\" \/>\n<script type=\"application\/ld+json\" class=\"yoast-schema-graph\">{\"@context\":\"https:\/\/schema.org\",\"@graph\":[{\"@type\":\"WebPage\",\"@id\":\"https:\/\/nativobjj.com\/index.php\/preguntas-frecuentes\/\",\"url\":\"https:\/\/nativobjj.com\/index.php\/preguntas-frecuentes\/\",\"name\":\"Dudas Frecuentes - Nativo BJJ\",\"isPartOf\":{\"@id\":\"https:\/\/nativobjj.com\/#website\"},\"datePublished\":\"2023-05-07T01:41:13+00:00\",\"dateModified\":\"2023-05-07T02:47:02+00:00\",\"description\":\"Encuentra respuestas a tus preguntas sobre nuestro equipamiento de artes marciales en nuestra secci\u00f3n de Preguntas Frecuentes. \u00a1Vis\u00edtanos ahora!\",\"breadcrumb\":{\"@id\":\"https:\/\/nativobjj.com\/index.php\/preguntas-frecuentes\/#breadcrumb\"},\"inLanguage\":\"es\",\"potentialAction\":[{\"@type\":\"ReadAction\",\"target\":[\"https:\/\/nativobjj.com\/index.php\/preguntas-frecuentes\/\"]}]},{\"@type\":\"BreadcrumbList\",\"@id\":\"https:\/\/nativobjj.com\/index.php\/preguntas-frecuentes\/#breadcrumb\",\"itemListElement\":[{\"@type\":\"ListItem\",\"position\":1,\"name\":\"Portada\",\"item\":\"https:\/\/nativobjj.com\/\"},{\"@type\":\"ListItem\",\"position\":2,\"name\":\"Dudas Frecuentes\"}]},{\"@type\":\"WebSite\",\"@id\":\"https:\/\/nativobjj.com\/#website\",\"url\":\"https:\/\/nativobjj.com\/\",\"name\":\"Nativo BJJ\",\"description\":\"Tienda de equipamiento de Artes Marciales\",\"publisher\":{\"@id\":\"https:\/\/nativobjj.com\/#organization\"},\"potentialAction\":[{\"@type\":\"SearchAction\",\"target\":{\"@type\":\"EntryPoint\",\"urlTemplate\":\"https:\/\/nativobjj.com\/?s={search_term_string}\"},\"query-input\":\"required name=search_term_string\"}],\"inLanguage\":\"es\"},{\"@type\":\"Organization\",\"@id\":\"https:\/\/nativobjj.com\/#organization\",\"name\":\"Nativo BJJ\",\"url\":\"https:\/\/nativobjj.com\/\",\"logo\":{\"@type\":\"ImageObject\",\"inLanguage\":\"es\",\"@id\":\"https:\/\/nativobjj.com\/#\/schema\/logo\/image\/\",\"url\":\"https:\/\/nativobjj.com\/wp-content\/uploads\/2023\/05\/Artboard-2-copy-3.svg\",\"contentUrl\":\"https:\/\/nativobjj.com\/wp-content\/uploads\/2023\/05\/Artboard-2-copy-3.svg\",\"width\":150,\"height\":75,\"caption\":\"Nativo BJJ\"},\"image\":{\"@id\":\"https:\/\/nativobjj.com\/#\/schema\/logo\/image\/\"},\"sameAs\":[\"https:\/\/www.facebook.com\/Nativobjj\",\"https:\/\/www.instagram.com\/nativobjj\/\"]}]}<\/script>\n<!-- \/ Yoast SEO plugin. -->","yoast_head_json":{"title":"Dudas Frecuentes - Nativo BJJ","description":"Encuentra respuestas a tus preguntas sobre nuestro equipamiento de artes marciales en nuestra secci\u00f3n de Preguntas Frecuentes. \u00a1Vis\u00edtanos ahora!","robots":{"index":"index","follow":"follow","max-snippet":"max-snippet:-1","max-image-preview":"max-image-preview:large","max-video-preview":"max-video-preview:-1"},"canonical":"https:\/\/nativobjj.com\/index.php\/preguntas-frecuentes\/","og_locale":"es_ES","og_type":"article","og_title":"Dudas Frecuentes - Nativo BJJ","og_description":"Encuentra respuestas a tus preguntas sobre nuestro equipamiento de artes marciales en nuestra secci\u00f3n de Preguntas Frecuentes. \u00a1Vis\u00edtanos ahora!","og_url":"https:\/\/nativobjj.com\/index.php\/preguntas-frecuentes\/","og_site_name":"Nativo BJJ","article_publisher":"https:\/\/www.facebook.com\/Nativobjj","article_modified_time":"2023-05-07T02:47:02+00:00","twitter_card":"summary_large_image","twitter_misc":{"Tiempo de lectura":"2 minutos"},"schema":{"@context":"https:\/\/schema.org","@graph":[{"@type":"WebPage","@id":"https:\/\/nativobjj.com\/index.php\/preguntas-frecuentes\/","url":"https:\/\/nativobjj.com\/index.php\/preguntas-frecuentes\/","name":"Dudas Frecuentes - Nativo BJJ","isPartOf":{"@id":"https:\/\/nativobjj.com\/#website"},"datePublished":"2023-05-07T01:41:13+00:00","dateModified":"2023-05-07T02:47:02+00:00","description":"Encuentra respuestas a tus preguntas sobre nuestro equipamiento de artes marciales en nuestra secci\u00f3n de Preguntas Frecuentes. \u00a1Vis\u00edtanos ahora!","breadcrumb":{"@id":"https:\/\/nativobjj.com\/index.php\/preguntas-frecuentes\/#breadcrumb"},"inLanguage":"es","potentialAction":[{"@type":"ReadAction","target":["https:\/\/nativobjj.com\/index.php\/preguntas-frecuentes\/"]}]},{"@type":"BreadcrumbList","@id":"https:\/\/nativobjj.com\/index.php\/preguntas-frecuentes\/#breadcrumb","itemListElement":[{"@type":"ListItem","position":1,"name":"Portada","item":"https:\/\/nativobjj.com\/"},{"@type":"ListItem","position":2,"name":"Dudas Frecuentes"}]},{"@type":"WebSite","@id":"https:\/\/nativobjj.com\/#website","url":"https:\/\/nativobjj.com\/","name":"Nativo BJJ","description":"Tienda de equipamiento de Artes Marciales","publisher":{"@id":"https:\/\/nativobjj.com\/#organization"},"potentialAction":[{"@type":"SearchAction","target":{"@type":"EntryPoint","urlTemplate":"https:\/\/nativobjj.com\/?s={search_term_string}"},"query-input":"required name=search_term_string"}],"inLanguage":"es"},{"@type":"Organization","@id":"https:\/\/nativobjj.com\/#organization","name":"Nativo BJJ","url":"https:\/\/nativobjj.com\/","logo":{"@type":"ImageObject","inLanguage":"es","@id":"https:\/\/nativobjj.com\/#\/schema\/logo\/image\/","url":"https:\/\/nativobjj.com\/wp-content\/uploads\/2023\/05\/Artboard-2-copy-3.svg","contentUrl":"https:\/\/nativobjj.com\/wp-content\/uploads\/2023\/05\/Artboard-2-copy-3.svg","width":150,"height":75,"caption":"Nativo BJJ"},"image":{"@id":"https:\/\/nativobjj.com\/#\/schema\/logo\/image\/"},"sameAs":["https:\/\/www.facebook.com\/Nativobjj","https:\/\/www.instagram.com\/nativobjj\/"]}]}},"uagb_featured_image_src":{"full":false,"thumbnail":false,"medium":false,"medium_large":false,"large":false,"1536x1536":false,"2048x2048":false,"woocommerce_thumbnail":false,"woocommerce_single":false,"woocommerce_gallery_thumbnail":false},"uagb_author_info":{"display_name":"Lacrimadev","author_link":"https:\/\/nativobjj.com\/index.php\/author\/lacrimadev\/"},"uagb_comment_info":0,"uagb_excerpt":"Dudas Frecuentes","_links":{"self":[{"href":"https:\/\/nativobjj.com\/index.php\/wp-json\/wp\/v2\/pages\/3676"}],"collection":[{"href":"https:\/\/nativobjj.com\/index.php\/wp-json\/wp\/v2\/pages"}],"about":[{"href":"https:\/\/nativobjj.com\/index.php\/wp-json\/wp\/v2\/types\/page"}],"author":[{"embeddable":true,"href":"https:\/\/nativobjj.com\/index.php\/wp-json\/wp\/v2\/users\/1"}],"replies":[{"embeddable":true,"href":"https:\/\/nativobjj.com\/index.php\/wp-json\/wp\/v2\/comments?post=3676"}],"version-history":[{"count":10,"href":"https:\/\/nativobjj.com\/index.php\/wp-json\/wp\/v2\/pages\/3676\/revisions"}],"predecessor-version":[{"id":3697,"href":"https:\/\/nativobjj.com\/index.php\/wp-json\/wp\/v2\/pages\/3676\/revisions\/3697"}],"wp:attachment":[{"href":"https:\/\/nativobjj.com\/index.php\/wp-json\/wp\/v2\/media?parent=3676"}],"curies":[{"name":"wp","href":"https:\/\/api.w.org\/{rel}","templated":true}]}}