{"id":2161,"date":"2020-08-25T12:04:18","date_gmt":"2020-08-25T12:04:18","guid":{"rendered":"http:\/\/nativobjj.com\/index.php\/about\/"},"modified":"2023-07-04T18:52:27","modified_gmt":"2023-07-04T22:52:27","slug":"sobre-nosotros","status":"publish","type":"page","link":"https:\/\/nativobjj.com\/index.php\/sobre-nosotros\/","title":{"rendered":"Sobre Nosotros"},"content":{"rendered":"\n<div class=\"wp-block-uagb-container uagb-block-e5fa84f6 alignfull uagb-is-root-container\"><div class=\"uagb-container-inner-blocks-wrap\">\n<div data-aos= \"fade-down\" data-aos-duration=\"400\" data-aos-delay=\"0\" data-aos-easing=\"ease\" data-aos-once=\"true\" class=\"wp-block-uagb-advanced-heading uagb-block-1ae99fba\"><h1 class=\"uagb-heading-text\">Sobre nosotros<\/h1><div class=\"uagb-separator\"><\/div><p class=\"uagb-desc-text\">Nativo BJJ es una Marca de Art\u00edculos, Indumentaria y Suplementaci\u00f3n&nbsp;Deportiva&nbsp;orientada a aquellos que buscan la excelencia y el alto rendimiento en las Artes&nbsp;Marciales. Nos enfocamos principalmente en:<br>&nbsp;<br>Suministro Trajes para distintas disciplinas conocidos como Gi\u00b4s de Jiu&nbsp;Jitsu, Kimonos, Karate Gi, Dobok y Cinturones.<br>&nbsp;<br>Suministro Ropa deportiva para el entrenamiento f\u00edsico como Buzos, Polerones, Poleras, Rashguard, Petos, Shorts, Lycras, Mangas, Gorros y Zapatillas.<br>&nbsp;<br>Suministro Equipamiento de Artes Marciales, como son Guantes, Vendas, Focos, Escudos, Canilleras, Bucales y Cabezales.<br>&nbsp;<br>Suplementaci\u00f3n Alimenticia como es Creatina, Prote\u00edna, Bebidas Isot\u00f3nicas y Energizantes, Amino\u00e1cidos y Espirulina.<\/p><\/div>\n\n\n\n<div class=\"wp-block-uagb-advanced-heading uagb-block-c4746927\"><h2 class=\"uagb-heading-text\">Misi\u00f3n<\/h2><div class=\"uagb-separator\"><\/div><p class=\"uagb-desc-text\">Nuestra Misi\u00f3n Fundamental y el pilar de nuestra identidad es ser la marca de Artes Marciales&nbsp; m\u00e1s reconocida y con m\u00e1s usuarios a nivel mundial.<br>&nbsp;<br>En \u00faltima Instancia, aquello que nos motiva como marca, es entregar sentimientos de seguridad, confianza y empoderamiento a todos los Artistas&nbsp;Marciales que prefieren nuestros productos.<\/p><\/div>\n<\/div><\/div>\n\n\n\n<div class=\"wp-block-uagb-container uagb-block-d79b0678 alignfull uagb-is-root-container\"><div class=\"uagb-container-inner-blocks-wrap\">\n<div data-aos= \"fade\" data-aos-duration=\"400\" data-aos-delay=\"0\" data-aos-easing=\"ease\" data-aos-once=\"true\" class=\"wp-block-uagb-container uagb-block-e3a98ede\">\n<div class=\"wp-block-uagb-advanced-heading uagb-block-3ffa846a\"><h2 class=\"uagb-heading-text\">Equipando a una generaci\u00f3n de campeones.<\/h2><p class=\"uagb-desc-text\">En Nativo, creemos que el equipamiento adecuado es esencial para la mentalidad de un campe\u00f3n. Estamos orgullosos de equipar a algunos de los mejores atletas de Jiujutsu del mundo y creemos en inspirar a la pr\u00f3xima generaci\u00f3n de campeones.<\/p><\/div>\n<\/div>\n\n\n\n<div class=\"wp-block-uagb-container uagb-block-738fb4d2\">\n<div data-aos= \"fade-down\" data-aos-duration=\"400\" data-aos-delay=\"0\" data-aos-easing=\"ease\" data-aos-once=\"true\" class=\"wp-block-uagb-info-box uagb-block-e95461ba uagb-infobox__content-wrap  uagb-infobox-icon-above-title uagb-infobox-image-valign-top\"><div class=\"uagb-ifb-content\"><div class=\"uagb-ifb-icon-wrap\"><svg xmlns=\"https:\/\/www.w3.org\/2000\/svg\" viewBox=\"0 0 512 512\"><path d=\"M256-.0078C260.7-.0081 265.2 1.008 269.4 2.913L457.7 82.79C479.7 92.12 496.2 113.8 496 139.1C495.5 239.2 454.7 420.7 282.4 503.2C265.7 511.1 246.3 511.1 229.6 503.2C57.25 420.7 16.49 239.2 15.1 139.1C15.87 113.8 32.32 92.12 54.3 82.79L242.7 2.913C246.8 1.008 251.4-.0081 256-.0078V-.0078zM256 444.8C393.1 378 431.1 230.1 432 141.4L256 66.77L256 444.8z\"><\/path><\/svg><\/div><div class=\"uagb-ifb-title-wrap\"><h4 class=\"uagb-ifb-title\">Durabilidad incomparable<\/h4><\/div><p class=\"uagb-ifb-desc\">Nuestros equipamientos son altamente duraderos gracias a la calidad de nuestros materiales y atenci\u00f3n al detalle.<\/p><\/div><\/div>\n\n\n\n<div data-aos= \"fade-right\" data-aos-duration=\"400\" data-aos-delay=\"0\" data-aos-easing=\"ease\" data-aos-once=\"true\" class=\"wp-block-uagb-info-box uagb-block-83840c1e uagb-infobox__content-wrap  uagb-infobox-icon-above-title uagb-infobox-image-valign-top\"><div class=\"uagb-ifb-content\"><div class=\"uagb-ifb-icon-wrap\"><svg xmlns=\"https:\/\/www.w3.org\/2000\/svg\" viewBox=\"0 0 384 512\"><path d=\"M54.63 246.6L192 109.3l137.4 137.4C335.6 252.9 343.8 256 352 256s16.38-3.125 22.62-9.375c12.5-12.5 12.5-32.75 0-45.25l-160-160c-12.5-12.5-32.75-12.5-45.25 0l-160 160c-12.5 12.5-12.5 32.75 0 45.25S42.13 259.1 54.63 246.6zM214.6 233.4c-12.5-12.5-32.75-12.5-45.25 0l-160 160c-12.5 12.5-12.5 32.75 0 45.25s32.75 12.5 45.25 0L192 301.3l137.4 137.4C335.6 444.9 343.8 448 352 448s16.38-3.125 22.62-9.375c12.5-12.5 12.5-32.75 0-45.25L214.6 233.4z\"><\/path><\/svg><\/div><div class=\"uagb-ifb-title-wrap\"><h4 class=\"uagb-ifb-title\">Dise\u00f1os innovadores y exclusivos<\/h4><\/div><p class=\"uagb-ifb-desc\">Dise\u00f1amos nuestros equipamientos con dise\u00f1os innovadores y exclusivos que combinan estilo y funcionalidad para una experiencia de entrenamiento superior.<\/p><\/div><\/div>\n<\/div>\n\n\n\n<div class=\"wp-block-uagb-container uagb-block-3773fd4d\">\n<div data-aos= \"fade-left\" data-aos-duration=\"400\" data-aos-delay=\"0\" data-aos-easing=\"ease\" data-aos-once=\"true\" class=\"wp-block-uagb-info-box uagb-block-d79f9f14 uagb-infobox__content-wrap  uagb-infobox-icon-above-title uagb-infobox-image-valign-top\"><div class=\"uagb-ifb-content\"><div class=\"uagb-ifb-icon-wrap\"><svg xmlns=\"https:\/\/www.w3.org\/2000\/svg\" viewBox=\"0 0 640 512\"><path d=\"M96.2 200.1C96.07 197.4 96 194.7 96 192C96 103.6 167.6 32 256 32C315.3 32 367 64.25 394.7 112.2C409.9 101.1 428.3 96 448 96C501 96 544 138.1 544 192C544 204.2 541.7 215.8 537.6 226.6C596 238.4 640 290.1 640 352C640 422.7 582.7 480 512 480H144C64.47 480 0 415.5 0 336C0 273.2 40.17 219.8 96.2 200.1z\"><\/path><\/svg><\/div><div class=\"uagb-ifb-title-wrap\"><h4 class=\"uagb-ifb-title\">Comodidad superior<\/h4><\/div><p class=\"uagb-ifb-desc\">Brindamos una comodidad excepcional durante el entrenamiento gracias al ajuste perfecto y la suavidad de nuestros materiales.<\/p><\/div><\/div>\n\n\n\n<div data-aos= \"fade-up\" data-aos-duration=\"400\" data-aos-delay=\"0\" data-aos-easing=\"ease\" data-aos-once=\"true\" class=\"wp-block-uagb-info-box uagb-block-b7d887aa uagb-infobox__content-wrap  uagb-infobox-icon-above-title uagb-infobox-image-valign-top\"><div class=\"uagb-ifb-content\"><div class=\"uagb-ifb-icon-wrap\"><svg xmlns=\"https:\/\/www.w3.org\/2000\/svg\" viewBox=\"0 0 576 512\"><path d=\"M463.1 474.7C465.1 486.7 460.2 498.9 450.2 506C440.3 513.1 427.2 514 416.5 508.3L288.1 439.8L159.8 508.3C149 514 135.9 513.1 126 506C116.1 498.9 111.1 486.7 113.2 474.7L137.8 328.1L33.58 225.9C24.97 217.3 21.91 204.7 25.69 193.1C29.46 181.6 39.43 173.2 51.42 171.5L195 150.3L259.4 17.97C264.7 6.954 275.9-.0391 288.1-.0391C300.4-.0391 311.6 6.954 316.9 17.97L381.2 150.3L524.9 171.5C536.8 173.2 546.8 181.6 550.6 193.1C554.4 204.7 551.3 217.3 542.7 225.9L438.5 328.1L463.1 474.7zM288 376.4L288.1 376.3L399.7 435.9L378.4 309.6L469.2 219.8L343.8 201.4L288.1 86.85L288 87.14V376.4z\"><\/path><\/svg><\/div><div class=\"uagb-ifb-title-wrap\"><h4 class=\"uagb-ifb-title\">Materiales de alta calidad<\/h4><\/div><p class=\"uagb-ifb-desc\">Utilizamos materiales de alta calidad para asegurar el mejor rendimiento posible durante la pr\u00e1ctica del Jiujutsu.<\/p><\/div><\/div>\n<\/div>\n<\/div><\/div>\n\n\n\n<div class=\"wp-block-uagb-container uagb-block-f187c692 alignfull uagb-is-root-container\"><div class=\"uagb-container-inner-blocks-wrap\">\n<div class=\"wp-block-uagb-container uagb-block-db0e1eac\">\n<div class=\"wp-block-uagb-advanced-heading uagb-block-b665089b\"><h2 class=\"uagb-heading-text\">\u00abLa pr\u00e1ctica de cualquier arte marcial puede ser considerada como un viaje que dura toda la vida\u00bb <\/h2><\/div>\n\n\n\n<p class=\"has-ast-global-color-5-color has-text-color has-medium-font-size\">&#8211; Miyamoto Musashi.<\/p>\n<\/div>\n\n\n\n<div class=\"wp-block-uagb-container uagb-block-bb6bbcd7\">\n<div class=\"wp-block-uagb-buttons uagb-buttons__outer-wrap uagb-btn__default-btn uagb-btn-tablet__default-btn uagb-btn-mobile__default-btn uagb-block-07bfd1ab\"><div class=\"uagb-buttons__wrap uagb-buttons-layout-wrap\">\n<div class=\"wp-block-uagb-buttons-child uagb-buttons__outer-wrap uagb-block-3ece4947 wp-block-button\"><div class=\"uagb-button__wrapper\"><a class=\"uagb-buttons-repeater wp-block-button__link\" href=\"https:\/\/nativobjj.com\/index.php\/tienda\/\" onclick=\"return true;\" rel=\"follow noopener\" target=\"_blank\"><div class=\"uagb-button__link\">Entrenemos<\/div><\/a><\/div><\/div>\n<\/div><\/div>\n<\/div>\n<\/div><\/div>\n\n\n\n<div class=\"wp-block-uagb-container uagb-block-68493be8 alignfull uagb-is-root-container\"><div class=\"uagb-container-inner-blocks-wrap\">\n<div data-aos= \"fade-down\" data-aos-duration=\"400\" data-aos-delay=\"0\" data-aos-easing=\"ease\" data-aos-once=\"true\" class=\"wp-block-uagb-advanced-heading uagb-block-c9fc7e0d\"><h2 class=\"uagb-heading-text\">Nuestro equipo<\/h2><div class=\"uagb-separator\"><\/div><\/div>\n\n\n\n<div class=\"wp-block-uagb-container uagb-block-63af4981\">\n<div class=\"wp-block-uagb-container uagb-block-3c5c378c\">\n<div class=\"wp-block-uagb-info-box uagb-block-efa633a3 uagb-infobox__content-wrap  uagb-infobox-icon-above-title uagb-infobox-image-valign-top\"><div class=\"uagb-ifb-content\"><div class=\"uagb-ifb-image-content\"><img decoding=\"async\" src=\"http:\/\/nativobjj.com\/wp-content\/uploads\/2020\/01\/image-14.jpg\" alt=\"\" width=\"327\" height=\"400\" loading=\"lazy\"\/><\/div><div class=\"uagb-ifb-title-wrap\"><h4 class=\"uagb-ifb-title\">Marcos<\/h4><\/div><p class=\"uagb-ifb-desc\">Director general \/ CEO<\/p><\/div><\/div>\n<\/div>\n<\/div>\n<\/div><\/div>\n\n\n\n<div class=\"wp-block-uagb-container uagb-block-f4fc67d4 alignfull uagb-is-root-container\"><div class=\"uagb-container-inner-blocks-wrap\">\n<div class=\"wp-block-uagb-container uagb-block-c47eb462\">\n<div data-aos= \"fade-right\" data-aos-duration=\"400\" data-aos-delay=\"0\" data-aos-easing=\"ease\" data-aos-once=\"true\" class=\"wp-block-uagb-info-box uagb-block-b079f8ef uagb-infobox__content-wrap  uagb-infobox-icon-above-title uagb-infobox-image-valign-top\"><div class=\"uagb-ifb-content\"><div class=\"uagb-ifb-image-content\"><img decoding=\"async\" src=\"http:\/\/nativobjj.com\/wp-content\/uploads\/2020\/03\/globe-free-img.png\" alt=\"\" width=\"20\" height=\"20\" loading=\"lazy\"\/><\/div><div class=\"uagb-ifb-title-wrap\"><h4 class=\"uagb-ifb-title\">Env\u00edos a todo Chile<\/h4><\/div><p class=\"uagb-ifb-desc\">Enviamos a todo Chile con entrega r\u00e1pida y segura gracias a nuestros proveedores de env\u00edo confiables. Ofrecemos seguimiento en l\u00ednea de tu pedido para tu tranquilidad y conveniencia.<\/p><\/div><\/div>\n<\/div>\n\n\n\n<div class=\"wp-block-uagb-container uagb-block-c0b430f5\">\n<div data-aos= \"fade-down\" data-aos-duration=\"400\" data-aos-delay=\"0\" data-aos-easing=\"ease\" data-aos-once=\"true\" class=\"wp-block-uagb-info-box uagb-block-38f1e8d0 uagb-infobox__content-wrap  uagb-infobox-icon-above-title uagb-infobox-image-valign-top\"><div class=\"uagb-ifb-content\"><div class=\"uagb-ifb-image-content\"><img decoding=\"async\" src=\"http:\/\/nativobjj.com\/wp-content\/uploads\/2020\/03\/quality-free-img.png\" alt=\"\" width=\"20\" height=\"20\" loading=\"lazy\"\/><\/div><div class=\"uagb-ifb-title-wrap\"><h4 class=\"uagb-ifb-title\">Sello de calidad<\/h4><\/div><p class=\"uagb-ifb-desc\">Nos enfocamos en la mejor calidad en equipamiento de Jiujutsu. Utilizamos materiales de alta calidad para asegurar durabilidad y resistencia. Realizamos pruebas rigurosas para garantizar la calidad de cada producto.<\/p><\/div><\/div>\n<\/div>\n\n\n\n<div class=\"wp-block-uagb-container uagb-block-779c1787\">\n<div data-aos= \"fade-up\" data-aos-duration=\"400\" data-aos-delay=\"0\" data-aos-easing=\"ease\" data-aos-once=\"true\" class=\"wp-block-uagb-info-box uagb-block-aa0bbaaa uagb-infobox__content-wrap  uagb-infobox-icon-above-title uagb-infobox-image-valign-top\"><div class=\"uagb-ifb-content\"><div class=\"uagb-ifb-image-content\"><img decoding=\"async\" src=\"http:\/\/nativobjj.com\/wp-content\/uploads\/2020\/03\/tag-free-img.png\" alt=\"\" width=\"20\" height=\"20\" loading=\"lazy\"\/><\/div><div class=\"uagb-ifb-title-wrap\"><h4 class=\"uagb-ifb-title\">Precios competitivos<\/h4><\/div><p class=\"uagb-ifb-desc\">En Nativo, ofrecemos precios competitivos y alta calidad en equipamiento de Jiujutsu. Trabajamos con los mejores fabricantes y proveedores para hacer que la pr\u00e1ctica de Jiujutsu sea accesible para todos.<\/p><\/div><\/div>\n<\/div>\n\n\n\n<div class=\"wp-block-uagb-container uagb-block-9ad7874e\">\n<div data-aos= \"fade-left\" data-aos-duration=\"400\" data-aos-delay=\"0\" data-aos-easing=\"ease\" data-aos-once=\"true\" class=\"wp-block-uagb-info-box uagb-block-69e476ae uagb-infobox__content-wrap  uagb-infobox-icon-above-title uagb-infobox-image-valign-top\"><div class=\"uagb-ifb-content\"><div class=\"uagb-ifb-image-content\"><img decoding=\"async\" src=\"http:\/\/nativobjj.com\/wp-content\/uploads\/2020\/03\/lock-free-img.png\" alt=\"\" width=\"20\" height=\"20\" loading=\"lazy\"\/><\/div><div class=\"uagb-ifb-title-wrap\"><h4 class=\"uagb-ifb-title\">Pagos seguro<\/h4><\/div><p class=\"uagb-ifb-desc\">Ofrecemos opciones de pago seguras y confiables para garantizar la protecci\u00f3n de tus transacciones. Trabajamos con proveedores de pago reconocidos para garantizar la seguridad de tu informaci\u00f3n financiera y personal.<\/p><\/div><\/div>\n<\/div>\n<\/div><\/div>\n","protected":false},"excerpt":{"rendered":"<p>Sobre nosotros Nativo BJJ es una Marca de Art\u00edculos, Indumentaria y Suplementaci\u00f3n&nbsp;Deportiva&nbsp;orientada a aquellos que buscan la excelencia y el alto rendimiento en las Artes&nbsp;Marciales. Nos enfocamos principalmente en:&nbsp;Suministro Trajes para distintas disciplinas conocidos como Gi\u00b4s de Jiu&nbsp;Jitsu, Kimonos, Karate Gi, Dobok y Cinturones.&nbsp;Suministro Ropa deportiva para el entrenamiento f\u00edsico como Buzos, Polerones, Poleras, Rashguard, &hellip;<\/p>\n<p class=\"read-more\"> <a class=\"\" href=\"https:\/\/nativobjj.com\/index.php\/sobre-nosotros\/\"> <span class=\"screen-reader-text\">Sobre Nosotros<\/span> Leer m\u00e1s &raquo;<\/a><\/p>\n","protected":false},"author":1,"featured_media":0,"parent":0,"menu_order":0,"comment_status":"closed","ping_status":"closed","template":"","meta":{"om_disable_all_campaigns":false,"_uag_custom_page_level_css":"","_monsterinsights_skip_tracking":false,"_monsterinsights_sitenote_active":false,"_monsterinsights_sitenote_note":"","_monsterinsights_sitenote_category":0,"site-sidebar-layout":"no-sidebar","site-content-layout":"plain-container","ast-global-header-display":"","ast-main-header-display":"","ast-hfb-above-header-display":"","ast-hfb-below-header-display":"","ast-hfb-mobile-header-display":"","site-post-title":"disabled","ast-breadcrumbs-content":"","ast-featured-img":"disabled","footer-sml-layout":"","theme-transparent-header-meta":"enabled","adv-header-id-meta":"","stick-header-meta":"","header-above-stick-meta":"","header-main-stick-meta":"","header-below-stick-meta":""},"yoast_head":"<!-- This site is optimized with the Yoast SEO plugin v20.9 - https:\/\/yoast.com\/wordpress\/plugins\/seo\/ -->\n<title>Sobre Nosotros - Nativo BJJ<\/title>\n<meta name=\"description\" content=\"Tu destino para la mejor equipaci\u00f3n de artes marciales y jiu-jitsu. Expertos apasionados que te ayudar\u00e1n a alcanzar tu m\u00e1ximo potencial. \u00danete a nuestra comunidad hoy.\" \/>\n<meta name=\"robots\" content=\"index, follow, max-snippet:-1, max-image-preview:large, max-video-preview:-1\" \/>\n<link rel=\"canonical\" href=\"https:\/\/nativobjj.com\/index.php\/sobre-nosotros\/\" \/>\n<meta property=\"og:locale\" content=\"es_ES\" \/>\n<meta property=\"og:type\" content=\"article\" \/>\n<meta property=\"og:title\" content=\"Sobre Nosotros - Nativo BJJ\" \/>\n<meta property=\"og:description\" content=\"Tu destino para la mejor equipaci\u00f3n de artes marciales y jiu-jitsu. Expertos apasionados que te ayudar\u00e1n a alcanzar tu m\u00e1ximo potencial. \u00danete a nuestra comunidad hoy.\" \/>\n<meta property=\"og:url\" content=\"https:\/\/nativobjj.com\/index.php\/sobre-nosotros\/\" \/>\n<meta property=\"og:site_name\" content=\"Nativo BJJ\" \/>\n<meta property=\"article:publisher\" content=\"https:\/\/www.facebook.com\/Nativobjj\" \/>\n<meta property=\"article:modified_time\" content=\"2023-07-04T22:52:27+00:00\" \/>\n<meta property=\"og:image\" content=\"http:\/\/nativobjj.com\/wp-content\/uploads\/2020\/01\/image-14.jpg\" \/>\n<meta name=\"twitter:card\" content=\"summary_large_image\" \/>\n<meta name=\"twitter:label1\" content=\"Tiempo de lectura\" \/>\n\t<meta name=\"twitter:data1\" content=\"3 minutos\" \/>\n<script type=\"application\/ld+json\" class=\"yoast-schema-graph\">{\"@context\":\"https:\/\/schema.org\",\"@graph\":[{\"@type\":\"WebPage\",\"@id\":\"https:\/\/nativobjj.com\/index.php\/sobre-nosotros\/\",\"url\":\"https:\/\/nativobjj.com\/index.php\/sobre-nosotros\/\",\"name\":\"Sobre Nosotros - Nativo BJJ\",\"isPartOf\":{\"@id\":\"https:\/\/nativobjj.com\/#website\"},\"datePublished\":\"2020-08-25T12:04:18+00:00\",\"dateModified\":\"2023-07-04T22:52:27+00:00\",\"description\":\"Tu destino para la mejor equipaci\u00f3n de artes marciales y jiu-jitsu. Expertos apasionados que te ayudar\u00e1n a alcanzar tu m\u00e1ximo potencial. \u00danete a nuestra comunidad hoy.\",\"breadcrumb\":{\"@id\":\"https:\/\/nativobjj.com\/index.php\/sobre-nosotros\/#breadcrumb\"},\"inLanguage\":\"es\",\"potentialAction\":[{\"@type\":\"ReadAction\",\"target\":[\"https:\/\/nativobjj.com\/index.php\/sobre-nosotros\/\"]}]},{\"@type\":\"BreadcrumbList\",\"@id\":\"https:\/\/nativobjj.com\/index.php\/sobre-nosotros\/#breadcrumb\",\"itemListElement\":[{\"@type\":\"ListItem\",\"position\":1,\"name\":\"Portada\",\"item\":\"https:\/\/nativobjj.com\/\"},{\"@type\":\"ListItem\",\"position\":2,\"name\":\"Sobre Nosotros\"}]},{\"@type\":\"WebSite\",\"@id\":\"https:\/\/nativobjj.com\/#website\",\"url\":\"https:\/\/nativobjj.com\/\",\"name\":\"Nativo BJJ\",\"description\":\"Tienda de equipamiento de Artes Marciales\",\"publisher\":{\"@id\":\"https:\/\/nativobjj.com\/#organization\"},\"potentialAction\":[{\"@type\":\"SearchAction\",\"target\":{\"@type\":\"EntryPoint\",\"urlTemplate\":\"https:\/\/nativobjj.com\/?s={search_term_string}\"},\"query-input\":\"required name=search_term_string\"}],\"inLanguage\":\"es\"},{\"@type\":\"Organization\",\"@id\":\"https:\/\/nativobjj.com\/#organization\",\"name\":\"Nativo BJJ\",\"url\":\"https:\/\/nativobjj.com\/\",\"logo\":{\"@type\":\"ImageObject\",\"inLanguage\":\"es\",\"@id\":\"https:\/\/nativobjj.com\/#\/schema\/logo\/image\/\",\"url\":\"https:\/\/nativobjj.com\/wp-content\/uploads\/2023\/05\/Artboard-2-copy-3.svg\",\"contentUrl\":\"https:\/\/nativobjj.com\/wp-content\/uploads\/2023\/05\/Artboard-2-copy-3.svg\",\"width\":150,\"height\":75,\"caption\":\"Nativo BJJ\"},\"image\":{\"@id\":\"https:\/\/nativobjj.com\/#\/schema\/logo\/image\/\"},\"sameAs\":[\"https:\/\/www.facebook.com\/Nativobjj\",\"https:\/\/www.instagram.com\/nativobjj\/\"]}]}<\/script>\n<!-- \/ Yoast SEO plugin. -->","yoast_head_json":{"title":"Sobre Nosotros - Nativo BJJ","description":"Tu destino para la mejor equipaci\u00f3n de artes marciales y jiu-jitsu. Expertos apasionados que te ayudar\u00e1n a alcanzar tu m\u00e1ximo potencial. \u00danete a nuestra comunidad hoy.","robots":{"index":"index","follow":"follow","max-snippet":"max-snippet:-1","max-image-preview":"max-image-preview:large","max-video-preview":"max-video-preview:-1"},"canonical":"https:\/\/nativobjj.com\/index.php\/sobre-nosotros\/","og_locale":"es_ES","og_type":"article","og_title":"Sobre Nosotros - Nativo BJJ","og_description":"Tu destino para la mejor equipaci\u00f3n de artes marciales y jiu-jitsu. Expertos apasionados que te ayudar\u00e1n a alcanzar tu m\u00e1ximo potencial. \u00danete a nuestra comunidad hoy.","og_url":"https:\/\/nativobjj.com\/index.php\/sobre-nosotros\/","og_site_name":"Nativo BJJ","article_publisher":"https:\/\/www.facebook.com\/Nativobjj","article_modified_time":"2023-07-04T22:52:27+00:00","og_image":[{"url":"http:\/\/nativobjj.com\/wp-content\/uploads\/2020\/01\/image-14.jpg"}],"twitter_card":"summary_large_image","twitter_misc":{"Tiempo de lectura":"3 minutos"},"schema":{"@context":"https:\/\/schema.org","@graph":[{"@type":"WebPage","@id":"https:\/\/nativobjj.com\/index.php\/sobre-nosotros\/","url":"https:\/\/nativobjj.com\/index.php\/sobre-nosotros\/","name":"Sobre Nosotros - Nativo BJJ","isPartOf":{"@id":"https:\/\/nativobjj.com\/#website"},"datePublished":"2020-08-25T12:04:18+00:00","dateModified":"2023-07-04T22:52:27+00:00","description":"Tu destino para la mejor equipaci\u00f3n de artes marciales y jiu-jitsu. Expertos apasionados que te ayudar\u00e1n a alcanzar tu m\u00e1ximo potencial. \u00danete a nuestra comunidad hoy.","breadcrumb":{"@id":"https:\/\/nativobjj.com\/index.php\/sobre-nosotros\/#breadcrumb"},"inLanguage":"es","potentialAction":[{"@type":"ReadAction","target":["https:\/\/nativobjj.com\/index.php\/sobre-nosotros\/"]}]},{"@type":"BreadcrumbList","@id":"https:\/\/nativobjj.com\/index.php\/sobre-nosotros\/#breadcrumb","itemListElement":[{"@type":"ListItem","position":1,"name":"Portada","item":"https:\/\/nativobjj.com\/"},{"@type":"ListItem","position":2,"name":"Sobre Nosotros"}]},{"@type":"WebSite","@id":"https:\/\/nativobjj.com\/#website","url":"https:\/\/nativobjj.com\/","name":"Nativo BJJ","description":"Tienda de equipamiento de Artes Marciales","publisher":{"@id":"https:\/\/nativobjj.com\/#organization"},"potentialAction":[{"@type":"SearchAction","target":{"@type":"EntryPoint","urlTemplate":"https:\/\/nativobjj.com\/?s={search_term_string}"},"query-input":"required name=search_term_string"}],"inLanguage":"es"},{"@type":"Organization","@id":"https:\/\/nativobjj.com\/#organization","name":"Nativo BJJ","url":"https:\/\/nativobjj.com\/","logo":{"@type":"ImageObject","inLanguage":"es","@id":"https:\/\/nativobjj.com\/#\/schema\/logo\/image\/","url":"https:\/\/nativobjj.com\/wp-content\/uploads\/2023\/05\/Artboard-2-copy-3.svg","contentUrl":"https:\/\/nativobjj.com\/wp-content\/uploads\/2023\/05\/Artboard-2-copy-3.svg","width":150,"height":75,"caption":"Nativo BJJ"},"image":{"@id":"https:\/\/nativobjj.com\/#\/schema\/logo\/image\/"},"sameAs":["https:\/\/www.facebook.com\/Nativobjj","https:\/\/www.instagram.com\/nativobjj\/"]}]}},"uagb_featured_image_src":{"full":false,"thumbnail":false,"medium":false,"medium_large":false,"large":false,"1536x1536":false,"2048x2048":false,"woocommerce_thumbnail":false,"woocommerce_single":false,"woocommerce_gallery_thumbnail":false},"uagb_author_info":{"display_name":"Lacrimadev","author_link":"https:\/\/nativobjj.com\/index.php\/author\/lacrimadev\/"},"uagb_comment_info":0,"uagb_excerpt":"Sobre nosotros Nativo BJJ es una Marca de Art\u00edculos, Indumentaria y Suplementaci\u00f3n&nbsp;Deportiva&nbsp;orientada a aquellos que buscan la excelencia y el alto rendimiento en las Artes&nbsp;Marciales. Nos enfocamos principalmente en:&nbsp;Suministro Trajes para distintas disciplinas conocidos como Gi\u00b4s de Jiu&nbsp;Jitsu, Kimonos, Karate Gi, Dobok y Cinturones.&nbsp;Suministro Ropa deportiva para el entrenamiento f\u00edsico como Buzos, Polerones, Poleras, Rashguard,&hellip;","_links":{"self":[{"href":"https:\/\/nativobjj.com\/index.php\/wp-json\/wp\/v2\/pages\/2161"}],"collection":[{"href":"https:\/\/nativobjj.com\/index.php\/wp-json\/wp\/v2\/pages"}],"about":[{"href":"https:\/\/nativobjj.com\/index.php\/wp-json\/wp\/v2\/types\/page"}],"author":[{"embeddable":true,"href":"https:\/\/nativobjj.com\/index.php\/wp-json\/wp\/v2\/users\/1"}],"replies":[{"embeddable":true,"href":"https:\/\/nativobjj.com\/index.php\/wp-json\/wp\/v2\/comments?post=2161"}],"version-history":[{"count":34,"href":"https:\/\/nativobjj.com\/index.php\/wp-json\/wp\/v2\/pages\/2161\/revisions"}],"predecessor-version":[{"id":4894,"href":"https:\/\/nativobjj.com\/index.php\/wp-json\/wp\/v2\/pages\/2161\/revisions\/4894"}],"wp:attachment":[{"href":"https:\/\/nativobjj.com\/index.php\/wp-json\/wp\/v2\/media?parent=2161"}],"curies":[{"name":"wp","href":"https:\/\/api.w.org\/{rel}","templated":true}]}}